{"id":1632,"date":"2023-10-02T00:37:32","date_gmt":"2023-10-02T00:37:32","guid":{"rendered":"https:\/\/eticamedia.eu\/?page_id=1632"},"modified":"2025-01-30T08:35:52","modified_gmt":"2025-01-30T08:35:52","slug":"datenschutz","status":"publish","type":"page","link":"https:\/\/eticamedia.eu\/en\/datenschutz\/","title":{"rendered":"privacy policy"},"content":{"rendered":"<p>[et_pb_section fb_built=&#8220;1&#8243; _builder_version=&#8220;4.21.0&#8243; _module_preset=&#8220;default&#8220; custom_margin_tablet=&#8220;&#8220; custom_margin_phone=&#8220;0px|0px|0px|0px|false|false&#8220; custom_margin_last_edited=&#8220;on|tablet&#8220; custom_padding=&#8220;0px|0px|0px|0px|false|false&#8220; global_colors_info=&#8220;{}&#8220;][et_pb_row custom_padding_last_edited=&#8220;on|phone&#8220; _builder_version=&#8220;4.22.2&#8243; _module_preset=&#8220;default&#8220; width=&#8220;100%&#8220; width_phone=&#8220;100%&#8220; width_last_edited=&#8220;off|desktop&#8220; max_width=&#8220;100%&#8220; custom_margin=&#8220;100px||||false|false&#8220; custom_margin_tablet=&#8220;100px||||false|false&#8220; custom_margin_phone=&#8220;50px||||false|false&#8220; custom_margin_last_edited=&#8220;on|phone&#8220; custom_padding=&#8220;|235px||235px|false|true&#8220; custom_padding_tablet=&#8220;|50px||50px|false|true&#8220; custom_padding_phone=&#8220;|20px||20px|false|true&#8220; global_colors_info=&#8220;{}&#8220;][et_pb_column type=&#8220;4_4&#8243; _builder_version=&#8220;4.21.0&#8243; _module_preset=&#8220;default&#8220; global_colors_info=&#8220;{}&#8220;][et_pb_text _builder_version=&#8220;4.22.2&#8243; _module_preset=&#8220;default&#8220; header_2_font_size=&#8220;60px&#8220; custom_margin=&#8220;20px|0px|0px|-3px|false|false&#8220; custom_padding=&#8220;0px|0px|0px|0px|false|false&#8220; global_colors_info=&#8220;{}&#8220;]<\/p>\n<h2>privacy policy<\/h2>\n<p>[\/et_pb_text][\/et_pb_column][\/et_pb_row][et_pb_row custom_padding_last_edited=&#8220;on|phone&#8220; _builder_version=&#8220;4.22.2&#8243; _module_preset=&#8220;default&#8220; width=&#8220;100%&#8220; width_phone=&#8220;100%&#8220; width_last_edited=&#8220;off|desktop&#8220; max_width=&#8220;100%&#8220; custom_margin=&#8220;||||false|false&#8220; custom_margin_phone=&#8220;50px||||false|false&#8220; custom_margin_last_edited=&#8220;off|desktop&#8220; custom_padding=&#8220;|235px||235px|false|true&#8220; custom_padding_tablet=&#8220;|50px||50px|false|true&#8220; custom_padding_phone=&#8220;|20px||20px|false|true&#8220; global_colors_info=&#8220;{}&#8220;][et_pb_column type=&#8220;4_4&#8243; _builder_version=&#8220;4.21.0&#8243; _module_preset=&#8220;default&#8220; global_colors_info=&#8220;{}&#8220;][et_pb_text _builder_version=&#8220;4.22.2&#8243; _module_preset=&#8220;default&#8220; custom_margin=&#8220;||50px||false|false&#8220; global_colors_info=&#8220;{}&#8220;]<\/p>\n<ol>\n<li>Allgemeine Informationen<\/li>\n<\/ol>\n<p>Der sorgf\u00e4ltige und gewissenhafte Umgang mit Ihren pers\u00f6nlichen Daten und deren Schutz sind uns sehr wichtig. Diese Seite wird betrieben durch die Etica Media B.V. (nachfolgend auch Etica.Media oder \u201ewir\u201c genannt). Es ist f\u00fcr uns selbstverst\u00e4ndlich, mit unseren Nutzern zusammenzuarbeiten, wenn es um die Wahrung ihrer Privatsph\u00e4re geht. Welche Informationen https:\/\/www.etica.media\/ erfasst, wie diese verwendet werden und wie sie von der betroffenen Person eingesehen, ge\u00e4ndert oder gel\u00f6scht werden k\u00f6nnen, wird nachfolgend ausf\u00fchrlich beschrieben. Soweit nichts anderes geregelt ist, unterliegt die Nutzung s\u00e4mtlicher personenbezogener Daten, die wir \u00fcber unsere Nutzer speichern und nutzen, dieser Datenschutzerkl\u00e4rung.<\/p>\n<p>&nbsp;<\/p>\n<p>Verantwortliche Stelle im Sinne der Datenschutzgesetze:<\/p>\n<p>Etica Media B.V.<br \/>Ansprechpartner Gesa Sch\u00f6ning<br \/>Markt 19<br \/>6071JD Swalmen<br \/>Niederlande<\/p>\n<p><a href=\"mailto:post@etica.media\">post@etica.media<\/a><br \/>+49 160 94992820<\/p>\n<p>&nbsp;<\/p>\n<ol start=\"2\">\n<li>Erhebung und Verarbeitung personenbezogener Daten<\/li>\n<\/ol>\n<p>Wir erheben und verarbeiten personenbezogene Daten nur, soweit dies zur Durchf\u00fchrung und Abwicklung Ihrer Bestellungen sowie zur Verbesserung unseres Angebots erforderlich ist. Die Verarbeitung erfolgt auf Grundlage von Art. 6 Abs. 1 lit. b DSGVO und Art. 6 Abs. 1 lit. f DSGVO zur Wahrung unserer berechtigten Interessen an der bestm\u00f6glichen Funktionalit\u00e4t der Website sowie einer kundenfreundlichen und effektiven Abwicklung der Bestellung.<\/p>\n<p>&nbsp;<\/p>\n<ol start=\"3\">\n<li>Datenweitergabe an Dritte<\/li>\n<\/ol>\n<p>&nbsp;<\/p>\n<p>3.1 PayPal<\/p>\n<p>Zur Abwicklung von Zahlungen verwenden wir den Zahlungsanbieter PayPal. Bei der Zahlung \u00fcber PayPal werden Ihre Zahlungsdaten an PayPal (Europe) S.\u00e0 r.l. et Cie, S.C.A., 22-24 Boulevard Royal, L-2449 Luxembourg, \u00fcbermittelt. Weitere Informationen zum Datenschutz bei PayPal finden Sie unter https:\/\/www.paypal.com\/webapps\/mpp\/ua\/privacy-full.<\/p>\n<p>&nbsp;<\/p>\n<p>&nbsp;<\/p>\n<p>3.2 Versanddienstleister<\/p>\n<p>Zur Auslieferung Ihrer Bestellungen arbeiten wir mit Versanddienstleistern zusammen. Diese erhalten nur die notwendigen Informationen zur Lieferung Ihrer bestellten Produkte.<\/p>\n<p>&nbsp;<\/p>\n<ol start=\"4\">\n<li>Cookies<\/li>\n<\/ol>\n<p>Unsere Website verwendet Cookies, um die Benutzerfreundlichkeit zu erh\u00f6hen. Cookies sind kleine Textdateien, die auf Ihrem Endger\u00e4t gespeichert werden. Einige der von uns verwendeten Cookies werden nach dem Ende der Browser-Sitzung, also nach Schlie\u00dfen Ihres Browsers, wieder gel\u00f6scht (sog. Sitzungs-Cookies). Andere Cookies verbleiben auf Ihrem Endger\u00e4t und erm\u00f6glichen uns oder unseren Partnerunternehmen (Cookies von Drittanbietern), Ihren Browser beim n\u00e4chsten Besuch wiederzuerkennen (persistente Cookies). Sie k\u00f6nnen Ihren Browser so einstellen, dass Sie \u00fcber das Setzen von Cookies informiert werden und einzeln \u00fcber deren Annahme entscheiden oder die Annahme von Cookies f\u00fcr bestimmte F\u00e4lle oder generell ausschlie\u00dfen. Bei der Nichtannahme von Cookies kann die Funktionalit\u00e4t unserer Website eingeschr\u00e4nkt sein.<\/p>\n<p>&nbsp;<\/p>\n<ol start=\"5\">\n<li>Ihre Rechte<\/li>\n<\/ol>\n<p>Sie haben das Recht auf Auskunft \u00fcber die von uns verarbeiteten personenbezogenen Daten, auf Berichtigung, L\u00f6schung, Einschr\u00e4nkung der Verarbeitung sowie auf Daten\u00fcbertragbarkeit. Wenn Sie der Meinung sind, dass die Verarbeitung Ihrer personenbezogenen Daten gegen die Datenschutzgesetze verst\u00f6\u00dft, k\u00f6nnen Sie eine Beschwerde bei der zust\u00e4ndigen Aufsichtsbeh\u00f6rde einreichen.<\/p>\n<p>&nbsp;<\/p>\n<ol start=\"6\">\n<li>contact<\/li>\n<\/ol>\n<p>F\u00fcr Fragen zum Datenschutz und zur Aus\u00fcbung Ihrer Rechte k\u00f6nnen Sie sich an uns unter den oben genannten Kontaktdaten wenden.<\/p>\n<p>Diese Datenschutzerkl\u00e4rung kann von Zeit zu Zeit aktualisiert werden. Bitte \u00fcberpr\u00fcfen Sie regelm\u00e4\u00dfig unsere Datenschutzerkl\u00e4rung, um \u00fcber \u00c4nderungen informiert zu bleiben.<\/p>\n<p>[\/et_pb_text][\/et_pb_column][\/et_pb_row][\/et_pb_section]<\/p>","protected":false},"excerpt":{"rendered":"<p>Datenschutz Allgemeine Informationen Der sorgf\u00e4ltige und gewissenhafte Umgang mit Ihren pers\u00f6nlichen Daten und deren Schutz sind uns sehr wichtig. Diese Seite wird betrieben durch die Etica Media B.V. (nachfolgend auch [&hellip;]<\/p>","protected":false},"author":1,"featured_media":0,"parent":0,"menu_order":0,"comment_status":"closed","ping_status":"closed","template":"","meta":{"_acf_changed":false,"_et_pb_use_builder":"on","_et_pb_old_content":"","_et_gb_content_width":"","pmpro_default_level":"","footnotes":""},"class_list":["post-1632","page","type-page","status-publish","hentry","pmpro-has-access"],"acf":[],"jetpack_sharing_enabled":true,"_links":{"self":[{"href":"https:\/\/eticamedia.eu\/en\/wp-json\/wp\/v2\/pages\/1632","targetHints":{"allow":["GET"]}}],"collection":[{"href":"https:\/\/eticamedia.eu\/en\/wp-json\/wp\/v2\/pages"}],"about":[{"href":"https:\/\/eticamedia.eu\/en\/wp-json\/wp\/v2\/types\/page"}],"author":[{"embeddable":true,"href":"https:\/\/eticamedia.eu\/en\/wp-json\/wp\/v2\/users\/1"}],"replies":[{"embeddable":true,"href":"https:\/\/eticamedia.eu\/en\/wp-json\/wp\/v2\/comments?post=1632"}],"version-history":[{"count":4,"href":"https:\/\/eticamedia.eu\/en\/wp-json\/wp\/v2\/pages\/1632\/revisions"}],"predecessor-version":[{"id":7220,"href":"https:\/\/eticamedia.eu\/en\/wp-json\/wp\/v2\/pages\/1632\/revisions\/7220"}],"wp:attachment":[{"href":"https:\/\/eticamedia.eu\/en\/wp-json\/wp\/v2\/media?parent=1632"}],"curies":[{"name":"wp","href":"https:\/\/api.w.org\/{rel}","templated":true}]}}