{"id":10399,"date":"2026-05-10T16:49:49","date_gmt":"2026-05-10T16:49:49","guid":{"rendered":"https:\/\/eticamedia.eu\/?post_type=product&#038;p=10399"},"modified":"2026-05-10T17:49:07","modified_gmt":"2026-05-10T17:49:07","slug":"verse-fuer-den-frieden","status":"publish","type":"product","link":"https:\/\/eticamedia.eu\/en\/product\/verse-fuer-den-frieden\/","title":{"rendered":"Verse f\u00fcr den Frieden"},"content":{"rendered":"<p><strong><span class=\"a_GcMg font-feature-liga-off font-feature-clig-off font-feature-calt-off text-decoration-none text-strikethrough-none\">Gedichte und Texte von Bachmann, Borchert, Busch, Chaplin, Claudius, K\u00e4stner,<\/span> <span class=\"a_GcMg font-feature-liga-off font-feature-clig-off font-feature-calt-off text-decoration-none text-strikethrough-none\">Tucholsky, u.v.m.<\/span><\/strong><\/p>\n<p>Diese <em>Verse f\u00fcr den Frieden<\/em> sollen eine anregende Zusammenstellung sein, die ermunternd soll, eigene Worte und Taten gegen ein neues Verbrechen an der Menschlichkeit folgen zu lassen. Nie wieder Krieg!<\/p>\n<p>Wir brauchen die Sprache nicht neu zu erfinden, f\u00fcr Dinge, die uns Unsagbar erscheinen, wenn sie bereits jemand gefunden hat.<br \/>\nAuf dieser CD sind Gedichte versammelt von Menschen, die genau diese Worte gefunden haben. Die den Krieg kannten und die sich Freiheit und Frieden w\u00fcnschten. F\u00fcr sich und andere. Die uns warnen und bewahren wollten, damit das, was sie erlebten, nie wieder erlebt werden muss.<\/p>\n<p><strong>Die<\/strong> <strong>Verse f\u00fcr den Frieden sind nur \u00fcber diese Webseite als CD k\u00e4uflich<\/strong>.<\/p>\n<p>Warum? Wir haben nur eine kleine Auflage produzieren lassen, die Gesa Sch\u00f6ning selbst eingesprochen und finanziert hat, weil es ihr ein Bed\u00fcrfnis ist, etwas gegen das derzeitige Kriegsgerassel zu unternehmen. \u00dcber andere Verkaufsplattformen werden mindestens 50% der Einnahmen an Dritte abgegeben &#8211;\u00a0 in manchen F\u00e4llen zahlt man sogar noch drauf. Daher kam die Entscheidung zustande, die CD nur denjenigen anzubieten, die sie wertsch\u00e4tzen und dem Verlag direkt diesen Wertsch\u00e4tzungsbeitrag zukommen lassen m\u00f6chten, damit er weitere gute, sch\u00f6ne und mutige Projekte f\u00fcr den Frieden und gegen die Kriegstauglichkeit produzieren kann.<\/p>\n<p>Um dies beurteilen zu k\u00f6nnen und f\u00fcr alle anderen, denen es nichts wert ist, sind <strong>die <em>Verse f\u00fcr den Frieden<\/em> weiter unten auf dieser Webseite anh\u00f6rbar<\/strong> (bis auf wenige Ausnahmen aus Lizenzgr\u00fcnden).<\/p>\n<p>Es ist wichtiger denn je die Kriegsprovokationen zu stoppen, denn es geht um unser eigenes Leben und das Leben unserer Kinder.<\/p>\n<p><em>CD-Versand ab 10.06.2026.<\/em><\/p>","protected":false},"excerpt":{"rendered":"<p><span class=\"a_GcMg font-feature-liga-off font-feature-clig-off font-feature-calt-off text-decoration-none text-strikethrough-none\">Gedichte und Texte f\u00fcr den Frieden und gegen den Krieg. Von Bachmann, Borchert, Busch, Chaplin, Claudius, K\u00e4stner,<\/span> <span class=\"a_GcMg font-feature-liga-off font-feature-clig-off font-feature-calt-off text-decoration-none text-strikethrough-none\">Tucholsky, u.v.m. Gelesen von Gesa Sch\u00f6ning.<\/span><\/p>","protected":false},"featured_media":10400,"comment_status":"open","ping_status":"closed","template":"","meta":{"_acf_changed":false,"_et_pb_use_builder":"","_et_pb_old_content":"","_et_gb_content_width":"","pmpro_default_level":"","jetpack_publicize_message":"","jetpack_publicize_feature_enabled":true,"jetpack_social_post_already_shared":true,"jetpack_social_options":{"image_generator_settings":{"template":"highway","default_image_id":0,"font":"","enabled":false},"version":2}},"product_brand":[],"product_cat":[40,37,25,56],"product_tag":[221,151],"class_list":{"0":"post-10399","1":"product","2":"type-product","3":"status-publish","4":"has-post-thumbnail","6":"product_cat-audio","7":"product_cat-das-gute","8":"product_cat-das-schoene","9":"product_cat-neuheiten-audio","10":"product_tag-frieden","11":"product_tag-krieg","12":"pmpro-has-access","14":"first","15":"onbackorder","16":"taxable","17":"shipping-taxable","18":"purchasable","19":"product-type-simple"},"acf":[],"jetpack_publicize_connections":[],"jetpack_sharing_enabled":true,"_links":{"self":[{"href":"https:\/\/eticamedia.eu\/en\/wp-json\/wp\/v2\/product\/10399","targetHints":{"allow":["GET"]}}],"collection":[{"href":"https:\/\/eticamedia.eu\/en\/wp-json\/wp\/v2\/product"}],"about":[{"href":"https:\/\/eticamedia.eu\/en\/wp-json\/wp\/v2\/types\/product"}],"replies":[{"embeddable":true,"href":"https:\/\/eticamedia.eu\/en\/wp-json\/wp\/v2\/comments?post=10399"}],"wp:featuredmedia":[{"embeddable":true,"href":"https:\/\/eticamedia.eu\/en\/wp-json\/wp\/v2\/media\/10400"}],"wp:attachment":[{"href":"https:\/\/eticamedia.eu\/en\/wp-json\/wp\/v2\/media?parent=10399"}],"wp:term":[{"taxonomy":"product_brand","embeddable":true,"href":"https:\/\/eticamedia.eu\/en\/wp-json\/wp\/v2\/product_brand?post=10399"},{"taxonomy":"product_cat","embeddable":true,"href":"https:\/\/eticamedia.eu\/en\/wp-json\/wp\/v2\/product_cat?post=10399"},{"taxonomy":"product_tag","embeddable":true,"href":"https:\/\/eticamedia.eu\/en\/wp-json\/wp\/v2\/product_tag?post=10399"}],"curies":[{"name":"wp","href":"https:\/\/api.w.org\/{rel}","templated":true}]}}