{"id":10494,"date":"2026-05-15T16:51:19","date_gmt":"2026-05-15T16:51:19","guid":{"rendered":"https:\/\/eticamedia.eu\/?post_type=product&#038;p=10494"},"modified":"2026-05-15T19:50:10","modified_gmt":"2026-05-15T19:50:10","slug":"omniwar","status":"publish","type":"product","link":"https:\/\/eticamedia.eu\/en\/product\/omniwar\/","title":{"rendered":"OMNIWAR"},"content":{"rendered":"<p><em>Allen gewidmet, die sich aktiv gegen den globalen technokratischen Staatsstreich wehren.<\/em><\/p>\n<p><strong>Die gr\u00f6\u00dfte psychologische Operation der modernen Geschichte begann nicht mit Bomben, sondern mit Angst.<\/strong><\/p>\n<p>Unter dem Namen \u201eCovid-19\u201c wurde eine globale Krise inszeniert, die Gesellschaften ersch\u00fctterte, Menschen voneinander isolierte und einen tiefgreifenden Wandel politischer und sozialer Strukturen einleitete. W\u00e4hrend Millionen im Ausnahmezustand lebten, entstand im Schatten der Pandemie eine neue Form von Macht: technokratisch, digital, totalisierend.<\/p>\n<p><strong><em>Omniwar<\/em> beschreibt den unsichtbaren Krieg gegen das menschliche Bewusstsein.<\/strong><\/p>\n<p>David Hughes untersucht Schockstrategien, Trauma-Programmierung, Massenpsychologie, Informationskrieg, Propaganda und die gezielte Zerst\u00f6rung sozialer Bindungen. Er zeigt, wie Angst, Verwirrung, Schuld und permanente Unsicherheit genutzt werden k\u00f6nnen, um Bev\u00f6lkerungen lenkbar zu machen \u2014 und wie eine Gesellschaft dazu gebracht wird, sich gegen sich selbst zu wenden.<\/p>\n<p class=\"isSelectedEnd\">Doch <em>Omniwar<\/em> versteht sich auch als Aufruf zur geistigen Selbstbehauptung. Denn Aufkl\u00e4rung beginnt dort, wo Angst ihre Macht verliert und Menschen beginnen, Wahrnehmung, Sprache und Denken zur\u00fcckzugewinnen.<\/p>\n<p>Mit umfangreichen Quellen und historischen Verbindungen zeichnet <em>Omniwar<\/em> das Bild einer Welt im \u00dcbergang: von liberalen Demokratien hin zu einer biodigitalen Technokratie.<\/p>\n<p>Ein hochaktuelles Buch \u00fcber den Krieg um Bewusstsein, Wirklichkeit und\u00a0die Zukunft der menschlichen Freiheit.<\/p>\n<p>ISBN: 9789083716244. Ca. Hardcover, 560 Seiten.<\/p>\n<p><strong>Vorbestellbar. Erscheint am 30.10.2026.<\/strong><\/p>","protected":false},"excerpt":{"rendered":"<p><strong>Die gr\u00f6\u00dfte psychologische Operation der modernen Geschichte begann nicht mit Bomben, sondern mit Angst.<\/strong>\u00a0<strong><em>Omniwar<\/em> beschreibt den unsichtbaren Krieg gegen das menschliche Bewusstsein.<\/strong><\/p>","protected":false},"featured_media":10499,"comment_status":"open","ping_status":"closed","template":"","meta":{"_acf_changed":false,"_et_pb_use_builder":"","_et_pb_old_content":"","_et_gb_content_width":"","pmpro_default_level":"","jetpack_publicize_message":"","jetpack_publicize_feature_enabled":true,"jetpack_social_post_already_shared":true,"jetpack_social_options":{"image_generator_settings":{"template":"highway","default_image_id":0,"font":"","enabled":false},"version":2}},"product_brand":[],"product_cat":[46,48,38,47],"product_tag":[222],"class_list":{"0":"post-10494","1":"product","2":"type-product","3":"status-publish","4":"has-post-thumbnail","6":"product_cat-sachbuecher","7":"product_cat-bestseller","8":"product_cat-das-mutige","9":"product_cat-neuheiten","10":"product_tag-psychologische-kriegsfuehrung","11":"pmpro-has-access","13":"first","14":"onbackorder","15":"taxable","16":"shipping-taxable","17":"purchasable","18":"product-type-simple"},"acf":[],"jetpack_publicize_connections":[],"jetpack_sharing_enabled":true,"_links":{"self":[{"href":"https:\/\/eticamedia.eu\/en\/wp-json\/wp\/v2\/product\/10494","targetHints":{"allow":["GET"]}}],"collection":[{"href":"https:\/\/eticamedia.eu\/en\/wp-json\/wp\/v2\/product"}],"about":[{"href":"https:\/\/eticamedia.eu\/en\/wp-json\/wp\/v2\/types\/product"}],"replies":[{"embeddable":true,"href":"https:\/\/eticamedia.eu\/en\/wp-json\/wp\/v2\/comments?post=10494"}],"wp:featuredmedia":[{"embeddable":true,"href":"https:\/\/eticamedia.eu\/en\/wp-json\/wp\/v2\/media\/10499"}],"wp:attachment":[{"href":"https:\/\/eticamedia.eu\/en\/wp-json\/wp\/v2\/media?parent=10494"}],"wp:term":[{"taxonomy":"product_brand","embeddable":true,"href":"https:\/\/eticamedia.eu\/en\/wp-json\/wp\/v2\/product_brand?post=10494"},{"taxonomy":"product_cat","embeddable":true,"href":"https:\/\/eticamedia.eu\/en\/wp-json\/wp\/v2\/product_cat?post=10494"},{"taxonomy":"product_tag","embeddable":true,"href":"https:\/\/eticamedia.eu\/en\/wp-json\/wp\/v2\/product_tag?post=10494"}],"curies":[{"name":"wp","href":"https:\/\/api.w.org\/{rel}","templated":true}]}}