{"id":5495,"date":"2024-02-17T10:22:12","date_gmt":"2024-02-17T10:22:12","guid":{"rendered":"https:\/\/eticamedia.eu\/?post_type=product&#038;p=5495"},"modified":"2026-03-04T20:45:22","modified_gmt":"2026-03-04T20:45:22","slug":"game-over-1-und-2","status":"publish","type":"product","link":"https:\/\/eticamedia.eu\/en\/product\/game-over-1-und-2\/","title":{"rendered":"GAME OVER I &#038; II Angriff aufs Mikrobiom zum Vorteilspreis"},"content":{"rendered":"<p><strong><span class=\"a-text-bold\">Game Over Band 1 und Game Over Band 2 &#8211; Angriff aufs Mikrobiom &#8211; zum Vorteilspreis im Bundle.<\/span><\/strong><\/p>\n<p>Diese Ausgabe enth\u00e4lt zwei Hardcover-B\u00fccher samt innenliegender DVDs:<br \/>\n<strong><span class=\"a-text-bold\">1) Game Over: Covid-19 | Anthrax-01.\u00a0<\/span>Mit 2 DVDs.<\/strong> ISBN: 978-9493262096. Einzelpreis: 34,90 Euro.<br \/>\n<strong><span class=\"a-text-bold\">2) Angriff aufs Mikrobiom &#8211; Game Over II.<\/span> NEU: Ab sofort auch mit zwei DVDs!<\/strong> ISBN: 978-9083379210. Einzelpreis: 29,50 Euro.<\/p>\n<p><strong><span class=\"a-text-bold\">Zum Sonderpreis <\/span><\/strong><span class=\"a-text-bold\">(vom Verlag gebundener Paket-Ladenpreis)<\/span><strong><span class=\"a-text-bold\"> von 49,95 Euro statt 64,40 Euro!<\/span><\/strong><\/p>\n<p>1) Inhalt zu Game Over Band I: Die Panik rund um COVID-19 ist ein vorgeplantes Verbrechen. Das Buch wagt, die T\u00e4ter und ihre Taten aufzuzeigen. Der Arzt und Offizier der Bundeswehrreserve, Heiko Sch\u00f6ning, nennt die Namen, zeigt die Gesichter und kriminelle Zusammenh\u00e4nge. Heiko Sch\u00f6ning k\u00fcndigte bereits Monate im Voraus die Erreger-Panik \u00f6ffentlich an und gr\u00fcndete den Au\u00dferparlamentarischen Corona-Untersuchungsausschuss. Eine \u00fcberlebenswichtige Frage in Zeiten von Corona lautet: Wer macht den Stoff, der allen Menschen unter die Haut gespritzt werden soll? Hinter COVID-19 stecken teilweise die gleichen Verbrecher, wie bereits achtzehn Jahre zuvor bei ANTHRAX-01. Veranschaulicht wird dies auf rund 450 Seiten, mit vielen hochwertigen Infografiken und zwei DVDs auf Englisch und Deutsch. Die Risiken steigen. Die Chancen aber auch.<\/p>\n<p>2) Inhalt zu Game Over Band II &#8211; Angriff aufs Mikrobiom: \u201eDu bist, was du isst\u201c. Diese Lebensweisheit ist wahr und bekannt wie \u201eDarm mit Charme\u201c. Wer wir sind und wie wir uns f\u00fchlen, bestimmt eine Vielfalt von Bakterien in uns mit, genannt das Mikrobiom. Achtung: Die nat\u00fcrliche, gesunde Vielfalt unseres Mikrobioms soll monopolisiert werden! Und damit unser F\u00fchlen und Sein. Im Bauch sollen kontrollierte Monokulturen wachsen wie bereits drau\u00dfen auf Feldern. Eine kriminelle Vereinigung will den einheitlichen Menschen durch das einheitliche Mikrobiom erzeugen. Der Arzt und Autor Heiko Sch\u00f6ning hatte schon die Corona-Pandemie \u00f6ffentlich vorhergesagt und die T\u00e4ter zutreffend benannt. Nun kl\u00e4rt Sch\u00f6ning in GAME OVER II detailliert auf, welche Personen und Organisationen hinter dem neu geplanten Angriff stecken. Es geht um Biowaffen, multiresistente Bakterien, Antibiotika, Probiotika, Geld und Macht.<\/p>\n<p><strong>Jetzt neu: &#8222;Angriff aufs Mikrobiom&#8220; wird ab sofort in der 7. Auflage mit 2 DVDs verschickt! Durch den Kauf beider B\u00fccher erhalten Sie ab sofort entsprechend 4 DVDs dazu!\u00a0<\/strong><\/p>","protected":false},"excerpt":{"rendered":"<p><strong>GAME OVER I und II im kosteng\u00fcnstigen Bundle.<\/strong> Die B\u00fccher wagen, T\u00e4ter und ihre Taten aufzuzeigen und sich gegen neue Angriffe kenntnisreich zu sch\u00fctzen.<\/p>","protected":false},"featured_media":7561,"comment_status":"open","ping_status":"closed","template":"","meta":{"_acf_changed":false,"_et_pb_use_builder":"off","_et_pb_old_content":"<h4><strong>Game Over II - von Heiko Sch\u00f6ning (Vorbestellaktion)<\/strong><\/h4>\r\n<strong><em>\u201eDu bist, was du isst\u201c.<\/em><\/strong>\u00a0Diese Lebensweisheit ist wahr und bekannt wie\u00a0<em>\u201eDarm mit Charme\u201c<\/em>. Wer wir sind und wie wir uns f\u00fchlen, bestimmt eine Vielfalt von Bakterien in uns mit, genannt das\u00a0Mikrobiom.\r\n\r\n<strong>Achtung:<\/strong> Die nat\u00fcrliche, gesunde Vielfalt unseres Mikrobioms soll monopolisiert werden! Und damit unser F\u00fchlen und Sein. Im Bauch sollen kontrollierte Monokulturen wachsen wie bereits drau\u00dfen auf\u00a0Feldern. Eine kriminelle Vereinigung will den einheitlichen Menschen durch das einheitliche Mikrobiom erzeugen.\r\n\r\nDer Arzt und Autor Heiko Sch\u00f6ning hatte schon die Corona-Pandemie \u00f6ffentlich vorhergesagt und die T\u00e4ter zutreffend benannt. Nun kl\u00e4rt Sch\u00f6ning in GAME OVER II detailliert auf, welche Personen und Organisationen hinter dem neu geplanten Angriff stecken. Es geht um Biowaffen, multiresistente Bakterien, Antibiotika, Probiotika, Geld und Macht.\r\n\r\n<strong>GAME OVER II ist das entscheidende Buch, um sich gegen den neuen Angriff kenntnisreich zu sch\u00fctzen.<\/strong>\r\n\r\n<img class=\"alignleft wp-image-1952\" src=\"https:\/\/eticamedia.eu\/wp-content\/uploads\/2023\/10\/Produktansicht_Angriff-aufs-Mikrobiom-300x300.png\" alt=\"\" width=\"226\" height=\"226\" \/>\r\n\r\nHardcover mit 1 DVD. Ca. 340 Seiten, 29,50 Euro.\r\n\r\n<strong>VORBESTELLBAR.<\/strong>\r\n\r\n<strong>Buch erscheint voraussichtlich am 11.Dezember 2023<\/strong>\r\n\r\n\u00a0\r\n\r\n\u00a0","_et_gb_content_width":"","pmpro_default_level":"","jetpack_publicize_message":"","jetpack_publicize_feature_enabled":true,"jetpack_social_post_already_shared":true,"jetpack_social_options":{"image_generator_settings":{"template":"highway","default_image_id":0,"font":"","enabled":false},"version":2}},"product_brand":[],"product_cat":[48,21,38,47,46],"product_tag":[118,96],"class_list":{"0":"post-5495","1":"product","2":"type-product","3":"status-publish","4":"has-post-thumbnail","6":"product_cat-bestseller","7":"product_cat-buecher","8":"product_cat-das-mutige","9":"product_cat-neuheiten","10":"product_cat-sachbuecher","11":"product_tag-game-over","12":"product_tag-heiko-schoening","13":"pmpro-has-access","15":"first","16":"instock","17":"taxable","18":"shipping-taxable","19":"purchasable","20":"product-type-simple"},"acf":[],"jetpack_publicize_connections":[],"jetpack_sharing_enabled":true,"_links":{"self":[{"href":"https:\/\/eticamedia.eu\/en\/wp-json\/wp\/v2\/product\/5495","targetHints":{"allow":["GET"]}}],"collection":[{"href":"https:\/\/eticamedia.eu\/en\/wp-json\/wp\/v2\/product"}],"about":[{"href":"https:\/\/eticamedia.eu\/en\/wp-json\/wp\/v2\/types\/product"}],"replies":[{"embeddable":true,"href":"https:\/\/eticamedia.eu\/en\/wp-json\/wp\/v2\/comments?post=5495"}],"wp:featuredmedia":[{"embeddable":true,"href":"https:\/\/eticamedia.eu\/en\/wp-json\/wp\/v2\/media\/7561"}],"wp:attachment":[{"href":"https:\/\/eticamedia.eu\/en\/wp-json\/wp\/v2\/media?parent=5495"}],"wp:term":[{"taxonomy":"product_brand","embeddable":true,"href":"https:\/\/eticamedia.eu\/en\/wp-json\/wp\/v2\/product_brand?post=5495"},{"taxonomy":"product_cat","embeddable":true,"href":"https:\/\/eticamedia.eu\/en\/wp-json\/wp\/v2\/product_cat?post=5495"},{"taxonomy":"product_tag","embeddable":true,"href":"https:\/\/eticamedia.eu\/en\/wp-json\/wp\/v2\/product_tag?post=5495"}],"curies":[{"name":"wp","href":"https:\/\/api.w.org\/{rel}","templated":true}]}}