{"id":6633,"date":"2024-11-14T12:00:48","date_gmt":"2024-11-14T12:00:48","guid":{"rendered":"https:\/\/eticamedia.eu\/?post_type=product&#038;p=6633"},"modified":"2025-09-30T21:09:50","modified_gmt":"2025-09-30T21:09:50","slug":"leinwand","status":"publish","type":"product","link":"https:\/\/eticamedia.eu\/en\/product\/leinwand\/","title":{"rendered":"Leinwand ohne Gesicht"},"content":{"rendered":"<p class=\"p1\"><em><span class=\"a-text-italic\">&#8222;Was lauert da tief in mir, was ich nicht wissen will? Sch\u00fctzt die Amnesie mich vor meiner eigenen Schuld?&#8220;<\/span><\/em><\/p>\n<p class=\"p1\" style=\"text-align: left;\">Die junge Lea ist ein &#8222;Drinnenmensch&#8220;: Seit zwei Jahren lebt sie ohne Erinnerung in einer Privatklinik f\u00fcr Ged\u00e4chtnislose in Berlin. Nur ihr treuer Begleiter, der Therapiefuchs Kalle, darf sie ber\u00fchren. Als Lea jedoch einen neuen Patienten in der Klinik kennenlernt und ihr dieser ungew\u00f6hnlich nahekommt, verliert ihr Ehemann Golo die Geduld und dr\u00e4ngt sie in ein Leben im &#8222;Drau\u00dfen&#8220;.<\/p>\n<p class=\"p1\" style=\"text-align: left;\">Doch erneut schl\u00e4gt das Schicksal zu und konfrontiert Lea mit einer Leinwand, die St\u00fcck f\u00fcr St\u00fcck ein Bild enth\u00fcllt, das Lea zu zerrei\u00dfen droht.<span class=\"a-text-bold\"><br \/>\n<\/span><\/p>\n<p><strong><span class=\"a-text-bold\">Ein Roman voller Tabubr\u00fcche und Poesie.<br \/>\nMitsamt innenliegendem H\u00f6rbuch &#8211; gelesen von Diana Tobien.<\/span><\/strong><\/p>\n<p>ISBN: 978-9083424231<\/p>\n<div class=\"a-begin a-carousel-container a-carousel-display-stretchyGoodness a-carousel-transition-slide a-spacing-none rpi-section rpi-section-iconic a-carousel-initialized\" role=\"group\" data-a-carousel-options=\"{\" aria-label=\"Buchdetails\" data-a-class=\"desktop\">\n<div class=\"a-row a-carousel-controls a-carousel-row a-carousel-has-buttons\">\n<div class=\"a-carousel-row-inner\">\n<div class=\"a-carousel-col a-carousel-right\"><\/div>\n<\/div>\n<\/div>\n<\/div>","protected":false},"excerpt":{"rendered":"<p><strong><span class=\"a-text-bold\">Ein Roman voller Tabubr\u00fcche und Poesie. <\/span><\/strong><strong><span class=\"a-text-bold\">Mitsamt innenliegendem H\u00f6rbuch.<\/span><\/strong><\/p>","protected":false},"featured_media":6637,"comment_status":"open","ping_status":"closed","template":"","meta":{"_acf_changed":false,"_et_pb_use_builder":"","_et_pb_old_content":"","_et_gb_content_width":"","pmpro_default_level":"","jetpack_publicize_message":"","jetpack_publicize_feature_enabled":true,"jetpack_social_post_already_shared":true,"jetpack_social_options":{"image_generator_settings":{"template":"highway","default_image_id":0,"font":"","enabled":false},"version":2}},"product_brand":[],"product_cat":[40,21,25,45,54],"product_tag":[136,131],"class_list":{"0":"post-6633","1":"product","2":"type-product","3":"status-publish","4":"has-post-thumbnail","6":"product_cat-audio","7":"product_cat-buecher","8":"product_cat-das-schoene","9":"product_cat-romane","10":"product_cat-romane-audio","11":"product_tag-hoerbuch","12":"product_tag-roman","13":"pmpro-has-access","15":"first","16":"instock","17":"taxable","18":"shipping-taxable","19":"purchasable","20":"product-type-simple"},"acf":[],"jetpack_publicize_connections":[],"jetpack_sharing_enabled":true,"_links":{"self":[{"href":"https:\/\/eticamedia.eu\/en\/wp-json\/wp\/v2\/product\/6633","targetHints":{"allow":["GET"]}}],"collection":[{"href":"https:\/\/eticamedia.eu\/en\/wp-json\/wp\/v2\/product"}],"about":[{"href":"https:\/\/eticamedia.eu\/en\/wp-json\/wp\/v2\/types\/product"}],"replies":[{"embeddable":true,"href":"https:\/\/eticamedia.eu\/en\/wp-json\/wp\/v2\/comments?post=6633"}],"wp:featuredmedia":[{"embeddable":true,"href":"https:\/\/eticamedia.eu\/en\/wp-json\/wp\/v2\/media\/6637"}],"wp:attachment":[{"href":"https:\/\/eticamedia.eu\/en\/wp-json\/wp\/v2\/media?parent=6633"}],"wp:term":[{"taxonomy":"product_brand","embeddable":true,"href":"https:\/\/eticamedia.eu\/en\/wp-json\/wp\/v2\/product_brand?post=6633"},{"taxonomy":"product_cat","embeddable":true,"href":"https:\/\/eticamedia.eu\/en\/wp-json\/wp\/v2\/product_cat?post=6633"},{"taxonomy":"product_tag","embeddable":true,"href":"https:\/\/eticamedia.eu\/en\/wp-json\/wp\/v2\/product_tag?post=6633"}],"curies":[{"name":"wp","href":"https:\/\/api.w.org\/{rel}","templated":true}]}}