{"id":8570,"date":"2025-10-03T14:10:13","date_gmt":"2025-10-03T14:10:13","guid":{"rendered":"https:\/\/eticamedia.eu\/?post_type=product&#038;p=8570"},"modified":"2025-12-14T18:15:36","modified_gmt":"2025-12-14T18:15:36","slug":"geimpft-gestorben","status":"publish","type":"product","link":"https:\/\/eticamedia.eu\/en\/product\/geimpft-gestorben\/","title":{"rendered":"Geimpft &#8211; gestorben"},"content":{"rendered":"<p><strong><i><b>Gedenkschrift f\u00fcr Prof. Arne Burkhardt<\/b><\/i><\/strong><\/p>\n<p><b>Der weltweit bisher einzigartige histopatho\u00adlogische Atlas der Impfsch\u00e4den nach mRNA-\u00adImpfungen<\/b><\/p>\n<p>Dieser weltweit bisher einzigartige histopatho\u00adlogische Atlas der Impfsch\u00e4den nach mRNA\u00ad-Impfungen gegen SARS\u00ad-CoV\u00ad2 ist den sehr berufserfahrenen und fachlich kompetenten Pathologen Prof. Arne Burkhardt und Prof. Walter Lang zu verdanken, die im Pathologie\u00adinstitut in Reutlingen t\u00e4tig waren. Die Gewebeproben wurden von Pathologie\u00ad oder rechtsmedizinischen Insti\u00adtuten aus dem europ\u00e4ischen Raum dorthin eingesendet. Vorrangig wurden Todesf\u00e4lle untersucht, die in zeitlichem Zusammenhang mit dieser Impfung zu sehen waren. Es wurden aber auch Gewebeproben von Lebenden eingesen\u00addet, wenn der Verdacht bestand, dass diese Impfung Ursache f\u00fcr die Gewebesch\u00e4den sein konnte.<\/p>\n<p>Der Atlas richtet sich vorrangig an Pathologen, aber auch an Mediziner anderer Fachrichtungen sowie gesund\u00adheitsinteressierte Nichtmediziner. Es werden einerseits die eindrucksvollen histologischen Bilder pr\u00e4sentiert, um die in der Routinepathologie und Rechtsmedizin t\u00e4tigen Kollegen hinsichtlich dieser v\u00f6llig neuen Befunde zu sensi\u00adbilisieren und auf die f\u00fcr die mRNA\u00ad-Injektionen typischen Ver\u00e4nderungen hinzuweisen. Andererseits sind die entspre\u00adchenden Fallbeschreibungen enthalten, die die tragischen Umst\u00e4nde und vielgestaltigen Leiden der Menschen nach diesen Impfungen dokumentieren.<\/p>\n<p><strong>Bitte runterscrollen, um weitere Informationen, Events und Interviews von Ute Kr\u00fcger zu sehen.<\/strong><\/p>\n<p>ISBN: 9789083525945<\/p>\n<p>Erscheinungsdatum in der \u00fcberarbeiteten 4. Auflage: 04.11.2025<\/p>\n<p>Auch auf <a href=\"https:\/\/eticamedia.eu\/en\/product\/vaccinated-dead\/\">Englisch<\/a> und <a href=\"https:\/\/eticamedia.eu\/en\/product\/vaccinerad-avliden\/\">Schwedisch<\/a> erh\u00e4ltlich!<\/p>\n<p><strong>Jetzt bestellen!<\/strong><\/p>","protected":false},"excerpt":{"rendered":"<p class=\"cvGsUA direction-ltr align-center para-style-body\">Der weltweit einzigartige histopathologische Atlas von Impfsch\u00e4den nach mRNA-Impfung gegen SARS-CoV-2!<\/p>","protected":false},"featured_media":8572,"comment_status":"open","ping_status":"closed","template":"","meta":{"_acf_changed":false,"_et_pb_use_builder":"","_et_pb_old_content":"","_et_gb_content_width":"","pmpro_default_level":"","jetpack_publicize_message":"","jetpack_publicize_feature_enabled":true,"jetpack_social_post_already_shared":true,"jetpack_social_options":{"image_generator_settings":{"template":"highway","default_image_id":0,"font":"","enabled":false},"version":2}},"product_brand":[],"product_cat":[46,48,38,47],"product_tag":[215],"class_list":{"0":"post-8570","1":"product","2":"type-product","3":"status-publish","4":"has-post-thumbnail","6":"product_cat-sachbuecher","7":"product_cat-bestseller","8":"product_cat-das-mutige","9":"product_cat-neuheiten","10":"product_tag-histopathologischer-atlas","11":"pmpro-has-access","13":"first","14":"instock","15":"taxable","16":"shipping-taxable","17":"purchasable","18":"product-type-simple"},"acf":[],"jetpack_publicize_connections":[],"jetpack_sharing_enabled":true,"_links":{"self":[{"href":"https:\/\/eticamedia.eu\/en\/wp-json\/wp\/v2\/product\/8570","targetHints":{"allow":["GET"]}}],"collection":[{"href":"https:\/\/eticamedia.eu\/en\/wp-json\/wp\/v2\/product"}],"about":[{"href":"https:\/\/eticamedia.eu\/en\/wp-json\/wp\/v2\/types\/product"}],"replies":[{"embeddable":true,"href":"https:\/\/eticamedia.eu\/en\/wp-json\/wp\/v2\/comments?post=8570"}],"wp:featuredmedia":[{"embeddable":true,"href":"https:\/\/eticamedia.eu\/en\/wp-json\/wp\/v2\/media\/8572"}],"wp:attachment":[{"href":"https:\/\/eticamedia.eu\/en\/wp-json\/wp\/v2\/media?parent=8570"}],"wp:term":[{"taxonomy":"product_brand","embeddable":true,"href":"https:\/\/eticamedia.eu\/en\/wp-json\/wp\/v2\/product_brand?post=8570"},{"taxonomy":"product_cat","embeddable":true,"href":"https:\/\/eticamedia.eu\/en\/wp-json\/wp\/v2\/product_cat?post=8570"},{"taxonomy":"product_tag","embeddable":true,"href":"https:\/\/eticamedia.eu\/en\/wp-json\/wp\/v2\/product_tag?post=8570"}],"curies":[{"name":"wp","href":"https:\/\/api.w.org\/{rel}","templated":true}]}}